{"id":87,"date":"2026-03-26T13:27:07","date_gmt":"2026-03-26T13:27:07","guid":{"rendered":"https:\/\/jovial-lederberg.116-203-148-143.plesk.page\/?page_id=87"},"modified":"2026-03-26T13:28:23","modified_gmt":"2026-03-26T13:28:23","slug":"impressum","status":"publish","type":"page","link":"https:\/\/jovial-lederberg.116-203-148-143.plesk.page\/index.php\/impressum\/","title":{"rendered":"Impressum"},"content":{"rendered":"\t\t<div data-elementor-type=\"wp-page\" data-elementor-id=\"87\" class=\"elementor elementor-87\">\n\t\t\t\t<div class=\"elementor-element elementor-element-0f75fef e-flex e-con-boxed cmsmasters-block-default e-con e-parent\" data-id=\"0f75fef\" data-element_type=\"container\" data-e-type=\"container\">\n\t\t\t\t\t<div class=\"e-con-inner\">\n\t\t\t\t<div class=\"elementor-element elementor-element-64c13f3 cmsmasters-block-default cmsmasters-sticky-default elementor-widget elementor-widget-heading\" data-id=\"64c13f3\" data-element_type=\"widget\" data-e-type=\"widget\" data-widget_type=\"heading.default\">\n\t\t\t\t\t<h1 class=\"elementor-heading-title elementor-size-default\">Impressum<\/h1>\t\t\t\t<\/div>\n\t\t\t\t\t<\/div>\n\t\t\t\t<\/div>\n\t\t<div class=\"elementor-element elementor-element-2c23b008 e-flex e-con-boxed cmsmasters-block-default e-con e-parent\" data-id=\"2c23b008\" data-element_type=\"container\" data-e-type=\"container\">\n\t\t\t\t\t<div class=\"e-con-inner\">\n\t\t\t\t<div class=\"elementor-element elementor-element-2f9ea3d4 cmsmasters-block-default cmsmasters-sticky-default elementor-widget elementor-widget-text-editor\" data-id=\"2f9ea3d4\" data-element_type=\"widget\" data-e-type=\"widget\" data-widget_type=\"text-editor.default\">\n\t\t\t\t\t\t\t\t\t<h3>Angaben gem\u00e4\u00df \u00a7 5 DDG:<\/h3>\n<p>vk medical aesthetic<br \/>dr. med Kitti Varga<br \/>Buchenring 4<br \/>94086 Bad Griesbach i. Rottal<\/p>\n<h3>Kontakt<\/h3>\n<p><strong>Telefon:<\/strong> <a href=\"tel:+4985327081034\">08532 708-1034<\/a><br \/><strong>E-Mail:<\/strong> <a href=\"mailto:info@vk-medical.de\" target=\"_blank\" rel=\"noopener\">info@vk-medical.de<\/a><br \/><strong>Website:<\/strong> <a href=\"https:\/\/www.vk-medical.de\" target=\"_blank\" rel=\"noopener\">www.vk-medical.de<\/a><\/p>\n<h3 data-path-to-node=\"8\">Berufsbezeichnung und berufsrechtliche Regelungen<\/h3>\n<p data-path-to-node=\"9\"><b data-path-to-node=\"9\" data-index-in-node=\"0\">Gesetzliche Berufsbezeichnung:<\/b> \u00c4rztin (verliehen in der Bundesrepublik Deutschland)<\/p>\n<p data-path-to-node=\"10\"><b data-path-to-node=\"10\" data-index-in-node=\"0\">Zust\u00e4ndige Kammer:<\/b> Bayerische Landes\u00e4rztekammer (BL\u00c4K) M\u00fchlbaurstra\u00dfe 16 81677 M\u00fcnchen Internet: <a class=\"ng-star-inserted\" href=\"https:\/\/www.blaek.de\" target=\"_blank\" rel=\"noopener\" data-hveid=\"0\" data-ved=\"0CAAQ_4QMahcKEwjjhoCI0b2TAxUAAAAAHQAAAAAQKA\">www.blaek.de<\/a><\/p>\n<p data-path-to-node=\"11\"><b data-path-to-node=\"11\" data-index-in-node=\"0\">Zust\u00e4ndige Aufsichtsbeh\u00f6rde (approbationsrechtlich):<\/b> Regierung von Oberbayern<br \/>80534 M\u00fcnchen<br \/>Internet: <a class=\"ng-star-inserted\" href=\"https:\/\/www.regierung.oberbayern.bayern.de\" target=\"_blank\" rel=\"noopener\" data-hveid=\"0\" data-ved=\"0CAAQ_4QMahcKEwjjhoCI0b2TAxUAAAAAHQAAAAAQKQ\">www.regierung.oberbayern.bayern.de<\/a><\/p>\n<p data-path-to-node=\"12\"><b data-path-to-node=\"12\" data-index-in-node=\"0\">Berufsrechtliche Regelungen:<\/b> Es gelten folgende berufsrechtliche Regelungen, die \u00fcber die Website der Bayerischen Landes\u00e4rztekammer unter der Rubrik \u201eRecht\u201c eingesehen werden k\u00f6nnen:<\/p>\n<ul>\n<li data-path-to-node=\"13,0,0\">Berufsordnung f\u00fcr die \u00c4rzte Bayerns<\/li>\n<li data-path-to-node=\"13,0,0\">Heilberufe-Kammergesetz des Landes Bayern<\/li>\n<li data-path-to-node=\"13,0,0\">Geb\u00fchrenordnung f\u00fcr \u00c4rzte (GO\u00c4)<\/li>\n<\/ul>\n<h3 data-path-to-node=\"14\">Umsatzsteuer-Hinweis<\/h3>\n<p data-path-to-node=\"15\">Umsatzsteuer-Identifikationsnummer gem\u00e4\u00df \u00a7 27 a Umsatzsteuergesetz:<br \/><b data-path-to-node=\"5\" data-index-in-node=\"68\">Nicht vorhanden, da eine Befreiung als Kleinunternehmer gem\u00e4\u00df \u00a7 19 UStG vorliegt.<\/b><\/p>\n<h3 data-path-to-node=\"16\">F\u00fcr den Inhalt verantwortlich<\/h3>\n<p data-path-to-node=\"17\">dr. med. Kitti Varga<br \/>Buchenring 4 <br \/>94086 Bad Griesbach i. Rottal<\/p>\n<h3 data-path-to-node=\"17\">EU-Streitschlichtung<\/h3>\n<p data-path-to-node=\"20\">Die Europ\u00e4ische Kommission stellt eine Plattform zur Online-Streitbeilegung (OS) bereit: <a class=\"ng-star-inserted\" href=\"https:\/\/ec.europa.eu\/consumers\/odr\/\" target=\"_blank\" rel=\"noopener\" data-hveid=\"0\" data-ved=\"0CAAQ_4QMahcKEwjjhoCI0b2TAxUAAAAAHQAAAAAQKg\">https:\/\/ec.europa.eu\/consumers\/odr\/<\/a>. Unsere E-Mail-Adresse finden Sie oben im Impressum.<\/p>\n<h3 data-path-to-node=\"21\">Verbraucherstreitbeilegung\/Universalschlichtungsstelle<\/h3>\n<p data-path-to-node=\"22\">Wir sind nicht bereit oder verpflichtet, an Streitbeilegungsverfahren vor einer Verbraucherschlichtungsstelle teilzunehmen.<\/p>\n<h3 data-path-to-node=\"3\">Urheberrecht und Bildnachweise<\/h3>\n<p data-path-to-node=\"4\">Die durch <b data-path-to-node=\"4\" data-index-in-node=\"10\">vk medical aesthetic<\/b> erstellten Inhalte (Texte, Grafiken, Fotos, Layout) auf diesen Seiten unterliegen dem deutschen Urheberrecht. Die Vervielf\u00e4ltigung, Bearbeitung, Verbreitung und jede Art der Verwertung au\u00dferhalb der Grenzen des Urheberrechtes bed\u00fcrfen der schriftlichen Zustimmung von <b data-path-to-node=\"4\" data-index-in-node=\"299\">dr. med. Kitti Varga<\/b>. Downloads und Kopien dieser Seite sind nur f\u00fcr den privaten, nicht kommerziellen Gebrauch gestattet.<\/p>\n<p data-path-to-node=\"5\">Soweit die Inhalte auf dieser Seite nicht vom Betreiber erstellt wurden, werden die Urheberrechte Dritter beachtet. Insbesondere werden Inhalte Dritter als solche gekennzeichnet. Sollten Sie trotzdem auf eine Urheberrechtsverletzung aufmerksam werden, bitten wir um einen entsprechenden Hinweis. Bei Bekanntwerden von Rechtsverletzungen werden wir derartige Inhalte umgehend entfernen.<\/p>\n<h3 data-path-to-node=\"3\">Haftungsausschluss<\/h3>\n<p data-path-to-node=\"4\">Die Inhalte dieser Webseite werden von <b data-path-to-node=\"4\" data-index-in-node=\"39\">vk medical aesthetic<\/b> mit gr\u00f6\u00dfter Sorgfalt erstellt. Dennoch \u00fcbernimmt <b data-path-to-node=\"4\" data-index-in-node=\"109\">vk medical aesthetic<\/b> keine Gew\u00e4hr f\u00fcr die Richtigkeit, Vollst\u00e4ndigkeit und Aktualit\u00e4t der bereitgestellten Informationen. Die Nutzung der abrufbaren Inhalte erfolgt auf eigene Gefahr des Nutzers. Allein durch den Aufruf dieser kostenlosen Website kommt keinerlei Vertragsverh\u00e4ltnis zwischen dem Nutzer und <b data-path-to-node=\"4\" data-index-in-node=\"415\">vk medical aesthetic<\/b> zustande.<\/p>\n<p data-path-to-node=\"5\"><b data-path-to-node=\"5\" data-index-in-node=\"0\">vk medical aesthetic<\/b> schlie\u00dft jegliche Haftung f\u00fcr Sch\u00e4den aus, die direkt oder indirekt aus der Benutzung dieser Website entstehen, es sei denn, diese beruhen auf einer vors\u00e4tzlichen oder grob fahrl\u00e4ssigen Pflichtverletzung von <b data-path-to-node=\"5\" data-index-in-node=\"229\">vk medical aesthetic<\/b>. Unber\u00fchrt bleibt die Haftung f\u00fcr Sch\u00e4den aus der Verletzung von Leben, K\u00f6rper oder Gesundheit.<\/p>\n<p data-path-to-node=\"6\">F\u00fcr etwaige Sch\u00e4den, die beim Aufrufen oder Herunterladen von Daten durch Schadsoftware (z. B. Viren) oder durch die Installation oder Nutzung von Software verursacht werden, wird keine Haftung \u00fcbernommen.<\/p>\n<p><!-- \/wp:paragraph --><\/p>\t\t\t\t\t\t\t\t<\/div>\n\t\t\t\t\t<\/div>\n\t\t\t\t<\/div>\n\t\t\t\t<\/div>\n\t\t","protected":false},"excerpt":{"rendered":"<p>Impressum Angaben gem\u00e4\u00df \u00a7 5 DDG: vk medical aestheticdr. med Kitti VargaBuchenring 494086 Bad Griesbach i. Rottal Kontakt Telefon: 08532 708-1034E-Mail: info@vk-medical.deWebsite: www.vk-medical.de Berufsbezeichnung und berufsrechtliche Regelungen Gesetzliche Berufsbezeichnung: \u00c4rztin (verliehen in der Bundesrepublik Deutschland) Zust\u00e4ndige Kammer: Bayerische Landes\u00e4rztekammer (BL\u00c4K) M\u00fchlbaurstra\u00dfe 16 81677 M\u00fcnchen Internet: www.blaek.de Zust\u00e4ndige Aufsichtsbeh\u00f6rde (approbationsrechtlich): Regierung von Oberbayern80534 M\u00fcnchenInternet: www.regierung.oberbayern.bayern.de Berufsrechtliche&#8230;<\/p>\n","protected":false},"author":2,"featured_media":0,"parent":0,"menu_order":0,"comment_status":"closed","ping_status":"closed","template":"","meta":{"_acf_changed":false,"footnotes":""},"class_list":["post-87","page","type-page","status-publish","hentry"],"acf":[],"_links":{"self":[{"href":"https:\/\/jovial-lederberg.116-203-148-143.plesk.page\/index.php\/wp-json\/wp\/v2\/pages\/87","targetHints":{"allow":["GET"]}}],"collection":[{"href":"https:\/\/jovial-lederberg.116-203-148-143.plesk.page\/index.php\/wp-json\/wp\/v2\/pages"}],"about":[{"href":"https:\/\/jovial-lederberg.116-203-148-143.plesk.page\/index.php\/wp-json\/wp\/v2\/types\/page"}],"author":[{"embeddable":true,"href":"https:\/\/jovial-lederberg.116-203-148-143.plesk.page\/index.php\/wp-json\/wp\/v2\/users\/2"}],"replies":[{"embeddable":true,"href":"https:\/\/jovial-lederberg.116-203-148-143.plesk.page\/index.php\/wp-json\/wp\/v2\/comments?post=87"}],"version-history":[{"count":5,"href":"https:\/\/jovial-lederberg.116-203-148-143.plesk.page\/index.php\/wp-json\/wp\/v2\/pages\/87\/revisions"}],"predecessor-version":[{"id":32725,"href":"https:\/\/jovial-lederberg.116-203-148-143.plesk.page\/index.php\/wp-json\/wp\/v2\/pages\/87\/revisions\/32725"}],"wp:attachment":[{"href":"https:\/\/jovial-lederberg.116-203-148-143.plesk.page\/index.php\/wp-json\/wp\/v2\/media?parent=87"}],"curies":[{"name":"wp","href":"https:\/\/api.w.org\/{rel}","templated":true}]}}